{"id":2537,"date":"2024-01-18T18:08:00","date_gmt":"2024-01-18T17:08:00","guid":{"rendered":"http:\/\/hostingwp2448059.online.pro\/autoinstalator\/wordpresswoocommerce1\/?post_type=product&#038;p=2537"},"modified":"2024-01-29T12:47:27","modified_gmt":"2024-01-29T11:47:27","slug":"pieprz-ziolowy","status":"publish","type":"product","link":"https:\/\/warzywniakzdostawa.pl\/index.php\/product\/pieprz-ziolowy\/","title":{"rendered":"Pieprz Zio\u0142owy"},"content":{"rendered":"<p>Odkryj kulinarne bogactwo z naszym Pieprzem Zio\u0142owym, idealn\u0105 mieszank\u0105 zi\u00f3\u0142 i przypraw o subtelnie korzennym smaku. Ta wyselekcjonowana kompozycja, obejmuj\u0105ca gorczyc\u0119, kolendr\u0119, majeranek, cz\u0105ber, kminek, bazyli\u0119, tymianek, curry, oraz ostr\u0105 papryk\u0119, tworzy niezr\u00f3wnan\u0105 symfoni\u0119 smak\u00f3w i aromat\u00f3w. Nasz Pieprz Zio\u0142owy jest doskona\u0142y do wzbogacenia farsz\u00f3w, kotlet\u00f3w mielonych, hamburger\u00f3w, pieczeni, zup, sur\u00f3wek, sa\u0142atek oraz sos\u00f3w zio\u0142owych. Ka\u017cdy sk\u0142adnik jest starannie dobrany, aby zapewni\u0107 Twoim danim intensywno\u015b\u0107 smaku i zapachu, przekszta\u0142caj\u0105c zwyczajne posi\u0142ki w wyj\u0105tkowe doznania kulinarne. Spr\u00f3buj naszego Pieprzu Zio\u0142owego, aby doda\u0107 swoim potrawom wyrafinowanego charakteru i niepowtarzalnego aromatu!<\/p>\n","protected":false},"excerpt":{"rendered":"<p>Przywitaj si\u0119 z naszym pieprzem zio\u0142owym &#8211; mieszank\u0105 zi\u00f3\u0142 i przypraw o wyj\u0105tkowo \u0142agodnym, korzennym smaku. To prawdziwa kulinarna magia, kt\u00f3ra doskonale komponuje si\u0119 z r\u00f3\u017cnymi potrawami, takimi jak farsze, kotlety mielone, hamburgery, pieczenie, zupy, sur\u00f3wki, sa\u0142atki i aromatyczne sosy zio\u0142owe. Nasza wyj\u0105tkowa kompozycja zawiera gorczyc\u0119, kolendr\u0119, majeranek, cz\u0105ber, kminek, bazyli\u0119, tymianek, curry i papryk\u0119 ostr\u0105, tworz\u0105c intensywny zapach i niepowtarzalny smak. Odkryj raj na swoim talerzu!<\/p>\n","protected":false},"featured_media":3919,"template":"","meta":[],"product_brand":[],"product_cat":[83],"product_tag":[233,234,235,236,237,226,227,238,239,240,241,242,243,244,245,246,247,248,249,250],"class_list":{"0":"post-2537","1":"product","2":"type-product","3":"status-publish","4":"has-post-thumbnail","6":"product_cat-przyprawy","7":"product_tag-bazylia","8":"product_tag-curry","9":"product_tag-czaber","10":"product_tag-gorczyca","11":"product_tag-kminek","12":"product_tag-kolendra","13":"product_tag-korzenne-smaki","14":"product_tag-majeranek","15":"product_tag-mieszanka-przypraw","16":"product_tag-papryka-ostra","17":"product_tag-pieprz-ziolowy","18":"product_tag-przyprawa-do-farszow","19":"product_tag-przyprawa-do-hamburgerow","20":"product_tag-przyprawa-do-kotletow","21":"product_tag-przyprawa-do-pieczeni","22":"product_tag-przyprawa-do-salatek","23":"product_tag-przyprawa-do-sosow","24":"product_tag-przyprawa-do-surowek","25":"product_tag-przyprawa-do-zup","26":"product_tag-tymianek","28":"first","29":"instock","30":"taxable","31":"shipping-taxable","32":"purchasable","33":"product-type-variable","34":"has-default-attributes"},"etheme_brands":{"errors":{"invalid_taxonomy":["Nieprawid\u0142owa taksonomia."]},"error_data":[]},"yoast_head":"<!-- This site is optimized with the Yoast SEO plugin v27.6 - https:\/\/yoast.com\/product\/yoast-seo-wordpress\/ -->\n<title>Pieprz Zio\u0142owy - Warzywniak z dostaw\u0105<\/title>\n<meta name=\"robots\" content=\"index, follow, max-snippet:-1, max-image-preview:large, max-video-preview:-1\" \/>\n<link rel=\"canonical\" href=\"https:\/\/warzywniakzdostawa.pl\/index.php\/product\/pieprz-ziolowy\/\" \/>\n<meta property=\"og:locale\" content=\"pl_PL\" \/>\n<meta property=\"og:type\" content=\"article\" \/>\n<meta property=\"og:title\" content=\"Pieprz Zio\u0142owy - Warzywniak z dostaw\u0105\" \/>\n<meta property=\"og:description\" content=\"Przywitaj si\u0119 z naszym pieprzem zio\u0142owym - mieszank\u0105 zi\u00f3\u0142 i przypraw o wyj\u0105tkowo \u0142agodnym, korzennym smaku. To prawdziwa kulinarna magia, kt\u00f3ra doskonale komponuje si\u0119 z r\u00f3\u017cnymi potrawami, takimi jak farsze, kotlety mielone, hamburgery, pieczenie, zupy, sur\u00f3wki, sa\u0142atki i aromatyczne sosy zio\u0142owe. Nasza wyj\u0105tkowa kompozycja zawiera gorczyc\u0119, kolendr\u0119, majeranek, cz\u0105ber, kminek, bazyli\u0119, tymianek, curry i papryk\u0119 ostr\u0105, tworz\u0105c intensywny zapach i niepowtarzalny smak. Odkryj raj na swoim talerzu!\" \/>\n<meta property=\"og:url\" content=\"https:\/\/warzywniakzdostawa.pl\/index.php\/product\/pieprz-ziolowy\/\" \/>\n<meta property=\"og:site_name\" content=\"Warzywniak z dostaw\u0105\" \/>\n<meta property=\"article:modified_time\" content=\"2024-01-29T11:47:27+00:00\" \/>\n<meta property=\"og:image\" content=\"https:\/\/warzywniakzdostawa.pl\/wp-content\/uploads\/2024\/01\/pieprz-ziolowy-1.png\" \/>\n\t<meta property=\"og:image:width\" content=\"498\" \/>\n\t<meta property=\"og:image:height\" content=\"500\" \/>\n\t<meta property=\"og:image:type\" content=\"image\/png\" \/>\n<meta name=\"twitter:card\" content=\"summary_large_image\" \/>\n<meta name=\"twitter:label1\" content=\"Szacowany czas czytania\" \/>\n\t<meta name=\"twitter:data1\" content=\"1 minuta\" \/>\n<script type=\"application\/ld+json\" class=\"yoast-schema-graph\">{\"@context\":\"https:\\\/\\\/schema.org\",\"@graph\":[{\"@type\":\"WebPage\",\"@id\":\"https:\\\/\\\/warzywniakzdostawa.pl\\\/index.php\\\/product\\\/pieprz-ziolowy\\\/\",\"url\":\"https:\\\/\\\/warzywniakzdostawa.pl\\\/index.php\\\/product\\\/pieprz-ziolowy\\\/\",\"name\":\"Pieprz Zio\u0142owy - Warzywniak z dostaw\u0105\",\"isPartOf\":{\"@id\":\"https:\\\/\\\/warzywniakzdostawa.pl\\\/#website\"},\"primaryImageOfPage\":{\"@id\":\"https:\\\/\\\/warzywniakzdostawa.pl\\\/index.php\\\/product\\\/pieprz-ziolowy\\\/#primaryimage\"},\"image\":{\"@id\":\"https:\\\/\\\/warzywniakzdostawa.pl\\\/index.php\\\/product\\\/pieprz-ziolowy\\\/#primaryimage\"},\"thumbnailUrl\":\"https:\\\/\\\/warzywniakzdostawa.pl\\\/wp-content\\\/uploads\\\/2024\\\/01\\\/pieprz-ziolowy-1.png\",\"datePublished\":\"2024-01-18T17:08:00+00:00\",\"dateModified\":\"2024-01-29T11:47:27+00:00\",\"breadcrumb\":{\"@id\":\"https:\\\/\\\/warzywniakzdostawa.pl\\\/index.php\\\/product\\\/pieprz-ziolowy\\\/#breadcrumb\"},\"inLanguage\":\"pl-PL\",\"potentialAction\":[{\"@type\":\"ReadAction\",\"target\":[\"https:\\\/\\\/warzywniakzdostawa.pl\\\/index.php\\\/product\\\/pieprz-ziolowy\\\/\"]}]},{\"@type\":\"ImageObject\",\"inLanguage\":\"pl-PL\",\"@id\":\"https:\\\/\\\/warzywniakzdostawa.pl\\\/index.php\\\/product\\\/pieprz-ziolowy\\\/#primaryimage\",\"url\":\"https:\\\/\\\/warzywniakzdostawa.pl\\\/wp-content\\\/uploads\\\/2024\\\/01\\\/pieprz-ziolowy-1.png\",\"contentUrl\":\"https:\\\/\\\/warzywniakzdostawa.pl\\\/wp-content\\\/uploads\\\/2024\\\/01\\\/pieprz-ziolowy-1.png\",\"width\":498,\"height\":500},{\"@type\":\"BreadcrumbList\",\"@id\":\"https:\\\/\\\/warzywniakzdostawa.pl\\\/index.php\\\/product\\\/pieprz-ziolowy\\\/#breadcrumb\",\"itemListElement\":[{\"@type\":\"ListItem\",\"position\":1,\"name\":\"Strona g\u0142\u00f3wna\",\"item\":\"https:\\\/\\\/warzywniakzdostawa.pl\\\/\"},{\"@type\":\"ListItem\",\"position\":2,\"name\":\"Sklep\",\"item\":\"https:\\\/\\\/warzywniakzdostawa.pl\\\/index.php\\\/sklep\\\/\"},{\"@type\":\"ListItem\",\"position\":3,\"name\":\"Pieprz Zio\u0142owy\"}]},{\"@type\":\"WebSite\",\"@id\":\"https:\\\/\\\/warzywniakzdostawa.pl\\\/#website\",\"url\":\"https:\\\/\\\/warzywniakzdostawa.pl\\\/\",\"name\":\"Warzywniak z dostaw\u0105\",\"description\":\"\",\"potentialAction\":[{\"@type\":\"SearchAction\",\"target\":{\"@type\":\"EntryPoint\",\"urlTemplate\":\"https:\\\/\\\/warzywniakzdostawa.pl\\\/?s={search_term_string}\"},\"query-input\":{\"@type\":\"PropertyValueSpecification\",\"valueRequired\":true,\"valueName\":\"search_term_string\"}}],\"inLanguage\":\"pl-PL\"}]}<\/script>\n<!-- \/ Yoast SEO plugin. -->","yoast_head_json":{"title":"Pieprz Zio\u0142owy - Warzywniak z dostaw\u0105","robots":{"index":"index","follow":"follow","max-snippet":"max-snippet:-1","max-image-preview":"max-image-preview:large","max-video-preview":"max-video-preview:-1"},"canonical":"https:\/\/warzywniakzdostawa.pl\/index.php\/product\/pieprz-ziolowy\/","og_locale":"pl_PL","og_type":"article","og_title":"Pieprz Zio\u0142owy - Warzywniak z dostaw\u0105","og_description":"Przywitaj si\u0119 z naszym pieprzem zio\u0142owym - mieszank\u0105 zi\u00f3\u0142 i przypraw o wyj\u0105tkowo \u0142agodnym, korzennym smaku. To prawdziwa kulinarna magia, kt\u00f3ra doskonale komponuje si\u0119 z r\u00f3\u017cnymi potrawami, takimi jak farsze, kotlety mielone, hamburgery, pieczenie, zupy, sur\u00f3wki, sa\u0142atki i aromatyczne sosy zio\u0142owe. Nasza wyj\u0105tkowa kompozycja zawiera gorczyc\u0119, kolendr\u0119, majeranek, cz\u0105ber, kminek, bazyli\u0119, tymianek, curry i papryk\u0119 ostr\u0105, tworz\u0105c intensywny zapach i niepowtarzalny smak. Odkryj raj na swoim talerzu!","og_url":"https:\/\/warzywniakzdostawa.pl\/index.php\/product\/pieprz-ziolowy\/","og_site_name":"Warzywniak z dostaw\u0105","article_modified_time":"2024-01-29T11:47:27+00:00","og_image":[{"width":498,"height":500,"url":"https:\/\/warzywniakzdostawa.pl\/wp-content\/uploads\/2024\/01\/pieprz-ziolowy-1.png","type":"image\/png"}],"twitter_card":"summary_large_image","twitter_misc":{"Szacowany czas czytania":"1 minuta"},"schema":{"@context":"https:\/\/schema.org","@graph":[{"@type":"WebPage","@id":"https:\/\/warzywniakzdostawa.pl\/index.php\/product\/pieprz-ziolowy\/","url":"https:\/\/warzywniakzdostawa.pl\/index.php\/product\/pieprz-ziolowy\/","name":"Pieprz Zio\u0142owy - Warzywniak z dostaw\u0105","isPartOf":{"@id":"https:\/\/warzywniakzdostawa.pl\/#website"},"primaryImageOfPage":{"@id":"https:\/\/warzywniakzdostawa.pl\/index.php\/product\/pieprz-ziolowy\/#primaryimage"},"image":{"@id":"https:\/\/warzywniakzdostawa.pl\/index.php\/product\/pieprz-ziolowy\/#primaryimage"},"thumbnailUrl":"https:\/\/warzywniakzdostawa.pl\/wp-content\/uploads\/2024\/01\/pieprz-ziolowy-1.png","datePublished":"2024-01-18T17:08:00+00:00","dateModified":"2024-01-29T11:47:27+00:00","breadcrumb":{"@id":"https:\/\/warzywniakzdostawa.pl\/index.php\/product\/pieprz-ziolowy\/#breadcrumb"},"inLanguage":"pl-PL","potentialAction":[{"@type":"ReadAction","target":["https:\/\/warzywniakzdostawa.pl\/index.php\/product\/pieprz-ziolowy\/"]}]},{"@type":"ImageObject","inLanguage":"pl-PL","@id":"https:\/\/warzywniakzdostawa.pl\/index.php\/product\/pieprz-ziolowy\/#primaryimage","url":"https:\/\/warzywniakzdostawa.pl\/wp-content\/uploads\/2024\/01\/pieprz-ziolowy-1.png","contentUrl":"https:\/\/warzywniakzdostawa.pl\/wp-content\/uploads\/2024\/01\/pieprz-ziolowy-1.png","width":498,"height":500},{"@type":"BreadcrumbList","@id":"https:\/\/warzywniakzdostawa.pl\/index.php\/product\/pieprz-ziolowy\/#breadcrumb","itemListElement":[{"@type":"ListItem","position":1,"name":"Strona g\u0142\u00f3wna","item":"https:\/\/warzywniakzdostawa.pl\/"},{"@type":"ListItem","position":2,"name":"Sklep","item":"https:\/\/warzywniakzdostawa.pl\/index.php\/sklep\/"},{"@type":"ListItem","position":3,"name":"Pieprz Zio\u0142owy"}]},{"@type":"WebSite","@id":"https:\/\/warzywniakzdostawa.pl\/#website","url":"https:\/\/warzywniakzdostawa.pl\/","name":"Warzywniak z dostaw\u0105","description":"","potentialAction":[{"@type":"SearchAction","target":{"@type":"EntryPoint","urlTemplate":"https:\/\/warzywniakzdostawa.pl\/?s={search_term_string}"},"query-input":{"@type":"PropertyValueSpecification","valueRequired":true,"valueName":"search_term_string"}}],"inLanguage":"pl-PL"}]}},"_links":{"self":[{"href":"https:\/\/warzywniakzdostawa.pl\/index.php\/wp-json\/wp\/v2\/product\/2537","targetHints":{"allow":["GET"]}}],"collection":[{"href":"https:\/\/warzywniakzdostawa.pl\/index.php\/wp-json\/wp\/v2\/product"}],"about":[{"href":"https:\/\/warzywniakzdostawa.pl\/index.php\/wp-json\/wp\/v2\/types\/product"}],"version-history":[{"count":0,"href":"https:\/\/warzywniakzdostawa.pl\/index.php\/wp-json\/wp\/v2\/product\/2537\/revisions"}],"wp:featuredmedia":[{"embeddable":true,"href":"https:\/\/warzywniakzdostawa.pl\/index.php\/wp-json\/wp\/v2\/media\/3919"}],"wp:attachment":[{"href":"https:\/\/warzywniakzdostawa.pl\/index.php\/wp-json\/wp\/v2\/media?parent=2537"}],"wp:term":[{"taxonomy":"product_brand","embeddable":true,"href":"https:\/\/warzywniakzdostawa.pl\/index.php\/wp-json\/wp\/v2\/product_brand?post=2537"},{"taxonomy":"product_cat","embeddable":true,"href":"https:\/\/warzywniakzdostawa.pl\/index.php\/wp-json\/wp\/v2\/product_cat?post=2537"},{"taxonomy":"product_tag","embeddable":true,"href":"https:\/\/warzywniakzdostawa.pl\/index.php\/wp-json\/wp\/v2\/product_tag?post=2537"}],"curies":[{"name":"wp","href":"https:\/\/api.w.org\/{rel}","templated":true}]}}