{"id":2540,"date":"2024-01-18T18:08:00","date_gmt":"2024-01-18T17:08:00","guid":{"rendered":"http:\/\/hostingwp2448059.online.pro\/autoinstalator\/wordpresswoocommerce1\/?post_type=product&#038;p=2540"},"modified":"2024-01-29T12:47:27","modified_gmt":"2024-01-29T11:47:27","slug":"pieprz-zielony-2","status":"publish","type":"product","link":"https:\/\/warzywniakzdostawa.pl\/index.php\/product\/pieprz-zielony-2\/","title":{"rendered":"Pieprz Zielony"},"content":{"rendered":"<p>Odkryj wyj\u0105tkow\u0105 \u015bwie\u017co\u015b\u0107 i delikatno\u015b\u0107 z naszym Pieprzem Zielonym, kt\u00f3ry jest niczym innym jak niedojrza\u0142ymi owocami klasycznego pieprzu czarnego. Ta specjalna wersja pieprzu wyr\u00f3\u017cnia si\u0119 swoim wyrazistym, a zarazem od\u015bwie\u017caj\u0105cym smakiem, kt\u00f3ry jest subtelniejszy i mniej ostry ni\u017c jego czarny odpowiednik. Idealny do nadania subtelnego pikanterii i bogatego aromatu, nasz Pieprz Zielony jest doskona\u0142ym dodatkiem do delikatnych mi\u0119s, ryb, sos\u00f3w, a tak\u017ce \u015bwie\u017cych sa\u0142atek. Jego lekko\u015b\u0107 i orze\u017awiaj\u0105cy akcent sprawi\u0105, \u017ce Twoje dania stan\u0105 si\u0119 bardziej wyrafinowane i pe\u0142ne zaskakuj\u0105cych smakowych niuans\u00f3w. Wprowad\u017a do swojej kuchni t\u0119 delikatn\u0105 wersj\u0119 klasycznej przyprawy i pozw\u00f3l sobie na nowe, smakowe do\u015bwiadczenia!<\/p>\n","protected":false},"excerpt":{"rendered":"<p>Zanurz si\u0119 w \u015bwiecie pieprzu zielonego &#8211; niedojrza\u0142ych owoc\u00f3w pieprzu czarnego, kt\u00f3re przynosz\u0105 ze sob\u0105 wyrazisty i od\u015bwie\u017caj\u0105cy smak. Ten delikatny pieprz jest nieco mniej ostry ni\u017c jego czarny odpowiednik, co sprawia, \u017ce doskonale nadaje si\u0119 do r\u00f3\u017cnych potraw. Dodaj go do swoich ulubionych da\u0144, aby podkre\u015bli\u0107 ich smak w niezwykle orze\u017awiaj\u0105cy spos\u00f3b. To prawdziwa uczta dla Twojego podniebienia!<\/p>\n","protected":false},"featured_media":3918,"template":"","meta":[],"product_brand":[],"product_cat":[83],"product_tag":[251,252,253,254,255,256,257,150,246,247,258,259],"class_list":{"0":"post-2540","1":"product","2":"type-product","3":"status-publish","4":"has-post-thumbnail","6":"product_cat-przyprawy","7":"product_tag-bogaty-aromat","8":"product_tag-kuchenne-innowacje","9":"product_tag-mniej-ostry-niz-czarny","10":"product_tag-niedojrzaly-pieprz-czarny","11":"product_tag-odswiezajacy-akcent","12":"product_tag-pieprz-zielony","13":"product_tag-przyprawa-do-mies","14":"product_tag-przyprawa-do-ryb","15":"product_tag-przyprawa-do-salatek","16":"product_tag-przyprawa-do-sosow","17":"product_tag-subtelna-pikantnosc","18":"product_tag-wyrazisty-smak","20":"first","21":"instock","22":"taxable","23":"shipping-taxable","24":"purchasable","25":"product-type-variable","26":"has-default-attributes"},"etheme_brands":{"errors":{"invalid_taxonomy":["Nieprawid\u0142owa taksonomia."]},"error_data":[]},"yoast_head":"<!-- This site is optimized with the Yoast SEO plugin v27.6 - https:\/\/yoast.com\/product\/yoast-seo-wordpress\/ -->\n<title>Pieprz Zielony - Warzywniak z dostaw\u0105<\/title>\n<meta name=\"robots\" content=\"index, follow, max-snippet:-1, max-image-preview:large, max-video-preview:-1\" \/>\n<link rel=\"canonical\" href=\"https:\/\/warzywniakzdostawa.pl\/index.php\/product\/pieprz-zielony-2\/\" \/>\n<meta property=\"og:locale\" content=\"pl_PL\" \/>\n<meta property=\"og:type\" content=\"article\" \/>\n<meta property=\"og:title\" content=\"Pieprz Zielony - Warzywniak z dostaw\u0105\" \/>\n<meta property=\"og:description\" content=\"Zanurz si\u0119 w \u015bwiecie pieprzu zielonego - niedojrza\u0142ych owoc\u00f3w pieprzu czarnego, kt\u00f3re przynosz\u0105 ze sob\u0105 wyrazisty i od\u015bwie\u017caj\u0105cy smak. Ten delikatny pieprz jest nieco mniej ostry ni\u017c jego czarny odpowiednik, co sprawia, \u017ce doskonale nadaje si\u0119 do r\u00f3\u017cnych potraw. Dodaj go do swoich ulubionych da\u0144, aby podkre\u015bli\u0107 ich smak w niezwykle orze\u017awiaj\u0105cy spos\u00f3b. To prawdziwa uczta dla Twojego podniebienia!\" \/>\n<meta property=\"og:url\" content=\"https:\/\/warzywniakzdostawa.pl\/index.php\/product\/pieprz-zielony-2\/\" \/>\n<meta property=\"og:site_name\" content=\"Warzywniak z dostaw\u0105\" \/>\n<meta property=\"article:modified_time\" content=\"2024-01-29T11:47:27+00:00\" \/>\n<meta property=\"og:image\" content=\"https:\/\/warzywniakzdostawa.pl\/wp-content\/uploads\/2024\/01\/pieprz-zielony-1.png\" \/>\n\t<meta property=\"og:image:width\" content=\"500\" \/>\n\t<meta property=\"og:image:height\" content=\"489\" \/>\n\t<meta property=\"og:image:type\" content=\"image\/png\" \/>\n<meta name=\"twitter:card\" content=\"summary_large_image\" \/>\n<meta name=\"twitter:label1\" content=\"Szacowany czas czytania\" \/>\n\t<meta name=\"twitter:data1\" content=\"1 minuta\" \/>\n<script type=\"application\/ld+json\" class=\"yoast-schema-graph\">{\"@context\":\"https:\\\/\\\/schema.org\",\"@graph\":[{\"@type\":\"WebPage\",\"@id\":\"https:\\\/\\\/warzywniakzdostawa.pl\\\/index.php\\\/product\\\/pieprz-zielony-2\\\/\",\"url\":\"https:\\\/\\\/warzywniakzdostawa.pl\\\/index.php\\\/product\\\/pieprz-zielony-2\\\/\",\"name\":\"Pieprz Zielony - Warzywniak z dostaw\u0105\",\"isPartOf\":{\"@id\":\"https:\\\/\\\/warzywniakzdostawa.pl\\\/#website\"},\"primaryImageOfPage\":{\"@id\":\"https:\\\/\\\/warzywniakzdostawa.pl\\\/index.php\\\/product\\\/pieprz-zielony-2\\\/#primaryimage\"},\"image\":{\"@id\":\"https:\\\/\\\/warzywniakzdostawa.pl\\\/index.php\\\/product\\\/pieprz-zielony-2\\\/#primaryimage\"},\"thumbnailUrl\":\"https:\\\/\\\/warzywniakzdostawa.pl\\\/wp-content\\\/uploads\\\/2024\\\/01\\\/pieprz-zielony-1.png\",\"datePublished\":\"2024-01-18T17:08:00+00:00\",\"dateModified\":\"2024-01-29T11:47:27+00:00\",\"breadcrumb\":{\"@id\":\"https:\\\/\\\/warzywniakzdostawa.pl\\\/index.php\\\/product\\\/pieprz-zielony-2\\\/#breadcrumb\"},\"inLanguage\":\"pl-PL\",\"potentialAction\":[{\"@type\":\"ReadAction\",\"target\":[\"https:\\\/\\\/warzywniakzdostawa.pl\\\/index.php\\\/product\\\/pieprz-zielony-2\\\/\"]}]},{\"@type\":\"ImageObject\",\"inLanguage\":\"pl-PL\",\"@id\":\"https:\\\/\\\/warzywniakzdostawa.pl\\\/index.php\\\/product\\\/pieprz-zielony-2\\\/#primaryimage\",\"url\":\"https:\\\/\\\/warzywniakzdostawa.pl\\\/wp-content\\\/uploads\\\/2024\\\/01\\\/pieprz-zielony-1.png\",\"contentUrl\":\"https:\\\/\\\/warzywniakzdostawa.pl\\\/wp-content\\\/uploads\\\/2024\\\/01\\\/pieprz-zielony-1.png\",\"width\":500,\"height\":489},{\"@type\":\"BreadcrumbList\",\"@id\":\"https:\\\/\\\/warzywniakzdostawa.pl\\\/index.php\\\/product\\\/pieprz-zielony-2\\\/#breadcrumb\",\"itemListElement\":[{\"@type\":\"ListItem\",\"position\":1,\"name\":\"Strona g\u0142\u00f3wna\",\"item\":\"https:\\\/\\\/warzywniakzdostawa.pl\\\/\"},{\"@type\":\"ListItem\",\"position\":2,\"name\":\"Sklep\",\"item\":\"https:\\\/\\\/warzywniakzdostawa.pl\\\/index.php\\\/sklep\\\/\"},{\"@type\":\"ListItem\",\"position\":3,\"name\":\"Pieprz Zielony\"}]},{\"@type\":\"WebSite\",\"@id\":\"https:\\\/\\\/warzywniakzdostawa.pl\\\/#website\",\"url\":\"https:\\\/\\\/warzywniakzdostawa.pl\\\/\",\"name\":\"Warzywniak z dostaw\u0105\",\"description\":\"\",\"potentialAction\":[{\"@type\":\"SearchAction\",\"target\":{\"@type\":\"EntryPoint\",\"urlTemplate\":\"https:\\\/\\\/warzywniakzdostawa.pl\\\/?s={search_term_string}\"},\"query-input\":{\"@type\":\"PropertyValueSpecification\",\"valueRequired\":true,\"valueName\":\"search_term_string\"}}],\"inLanguage\":\"pl-PL\"}]}<\/script>\n<!-- \/ Yoast SEO plugin. -->","yoast_head_json":{"title":"Pieprz Zielony - Warzywniak z dostaw\u0105","robots":{"index":"index","follow":"follow","max-snippet":"max-snippet:-1","max-image-preview":"max-image-preview:large","max-video-preview":"max-video-preview:-1"},"canonical":"https:\/\/warzywniakzdostawa.pl\/index.php\/product\/pieprz-zielony-2\/","og_locale":"pl_PL","og_type":"article","og_title":"Pieprz Zielony - Warzywniak z dostaw\u0105","og_description":"Zanurz si\u0119 w \u015bwiecie pieprzu zielonego - niedojrza\u0142ych owoc\u00f3w pieprzu czarnego, kt\u00f3re przynosz\u0105 ze sob\u0105 wyrazisty i od\u015bwie\u017caj\u0105cy smak. Ten delikatny pieprz jest nieco mniej ostry ni\u017c jego czarny odpowiednik, co sprawia, \u017ce doskonale nadaje si\u0119 do r\u00f3\u017cnych potraw. Dodaj go do swoich ulubionych da\u0144, aby podkre\u015bli\u0107 ich smak w niezwykle orze\u017awiaj\u0105cy spos\u00f3b. To prawdziwa uczta dla Twojego podniebienia!","og_url":"https:\/\/warzywniakzdostawa.pl\/index.php\/product\/pieprz-zielony-2\/","og_site_name":"Warzywniak z dostaw\u0105","article_modified_time":"2024-01-29T11:47:27+00:00","og_image":[{"width":500,"height":489,"url":"https:\/\/warzywniakzdostawa.pl\/wp-content\/uploads\/2024\/01\/pieprz-zielony-1.png","type":"image\/png"}],"twitter_card":"summary_large_image","twitter_misc":{"Szacowany czas czytania":"1 minuta"},"schema":{"@context":"https:\/\/schema.org","@graph":[{"@type":"WebPage","@id":"https:\/\/warzywniakzdostawa.pl\/index.php\/product\/pieprz-zielony-2\/","url":"https:\/\/warzywniakzdostawa.pl\/index.php\/product\/pieprz-zielony-2\/","name":"Pieprz Zielony - Warzywniak z dostaw\u0105","isPartOf":{"@id":"https:\/\/warzywniakzdostawa.pl\/#website"},"primaryImageOfPage":{"@id":"https:\/\/warzywniakzdostawa.pl\/index.php\/product\/pieprz-zielony-2\/#primaryimage"},"image":{"@id":"https:\/\/warzywniakzdostawa.pl\/index.php\/product\/pieprz-zielony-2\/#primaryimage"},"thumbnailUrl":"https:\/\/warzywniakzdostawa.pl\/wp-content\/uploads\/2024\/01\/pieprz-zielony-1.png","datePublished":"2024-01-18T17:08:00+00:00","dateModified":"2024-01-29T11:47:27+00:00","breadcrumb":{"@id":"https:\/\/warzywniakzdostawa.pl\/index.php\/product\/pieprz-zielony-2\/#breadcrumb"},"inLanguage":"pl-PL","potentialAction":[{"@type":"ReadAction","target":["https:\/\/warzywniakzdostawa.pl\/index.php\/product\/pieprz-zielony-2\/"]}]},{"@type":"ImageObject","inLanguage":"pl-PL","@id":"https:\/\/warzywniakzdostawa.pl\/index.php\/product\/pieprz-zielony-2\/#primaryimage","url":"https:\/\/warzywniakzdostawa.pl\/wp-content\/uploads\/2024\/01\/pieprz-zielony-1.png","contentUrl":"https:\/\/warzywniakzdostawa.pl\/wp-content\/uploads\/2024\/01\/pieprz-zielony-1.png","width":500,"height":489},{"@type":"BreadcrumbList","@id":"https:\/\/warzywniakzdostawa.pl\/index.php\/product\/pieprz-zielony-2\/#breadcrumb","itemListElement":[{"@type":"ListItem","position":1,"name":"Strona g\u0142\u00f3wna","item":"https:\/\/warzywniakzdostawa.pl\/"},{"@type":"ListItem","position":2,"name":"Sklep","item":"https:\/\/warzywniakzdostawa.pl\/index.php\/sklep\/"},{"@type":"ListItem","position":3,"name":"Pieprz Zielony"}]},{"@type":"WebSite","@id":"https:\/\/warzywniakzdostawa.pl\/#website","url":"https:\/\/warzywniakzdostawa.pl\/","name":"Warzywniak z dostaw\u0105","description":"","potentialAction":[{"@type":"SearchAction","target":{"@type":"EntryPoint","urlTemplate":"https:\/\/warzywniakzdostawa.pl\/?s={search_term_string}"},"query-input":{"@type":"PropertyValueSpecification","valueRequired":true,"valueName":"search_term_string"}}],"inLanguage":"pl-PL"}]}},"_links":{"self":[{"href":"https:\/\/warzywniakzdostawa.pl\/index.php\/wp-json\/wp\/v2\/product\/2540","targetHints":{"allow":["GET"]}}],"collection":[{"href":"https:\/\/warzywniakzdostawa.pl\/index.php\/wp-json\/wp\/v2\/product"}],"about":[{"href":"https:\/\/warzywniakzdostawa.pl\/index.php\/wp-json\/wp\/v2\/types\/product"}],"version-history":[{"count":0,"href":"https:\/\/warzywniakzdostawa.pl\/index.php\/wp-json\/wp\/v2\/product\/2540\/revisions"}],"wp:featuredmedia":[{"embeddable":true,"href":"https:\/\/warzywniakzdostawa.pl\/index.php\/wp-json\/wp\/v2\/media\/3918"}],"wp:attachment":[{"href":"https:\/\/warzywniakzdostawa.pl\/index.php\/wp-json\/wp\/v2\/media?parent=2540"}],"wp:term":[{"taxonomy":"product_brand","embeddable":true,"href":"https:\/\/warzywniakzdostawa.pl\/index.php\/wp-json\/wp\/v2\/product_brand?post=2540"},{"taxonomy":"product_cat","embeddable":true,"href":"https:\/\/warzywniakzdostawa.pl\/index.php\/wp-json\/wp\/v2\/product_cat?post=2540"},{"taxonomy":"product_tag","embeddable":true,"href":"https:\/\/warzywniakzdostawa.pl\/index.php\/wp-json\/wp\/v2\/product_tag?post=2540"}],"curies":[{"name":"wp","href":"https:\/\/api.w.org\/{rel}","templated":true}]}}