{"id":2543,"date":"2024-01-18T18:08:00","date_gmt":"2024-01-18T17:08:00","guid":{"rendered":"http:\/\/hostingwp2448059.online.pro\/autoinstalator\/wordpresswoocommerce1\/?post_type=product&#038;p=2543"},"modified":"2024-01-29T12:47:27","modified_gmt":"2024-01-29T11:47:27","slug":"pieprz-kolorowy","status":"publish","type":"product","link":"https:\/\/warzywniakzdostawa.pl\/index.php\/product\/pieprz-kolorowy\/","title":{"rendered":"Pieprz Kolorowy"},"content":{"rendered":"<p>Zanurz si\u0119 w fascynuj\u0105cym \u015bwiecie smak\u00f3w z nasz\u0105 Kolorow\u0105 Mieszkank\u0105 Pieprzu, gdzie tradycyjny czarny pieprz spotyka si\u0119 z jego egzotycznymi odmianami &#8211; bia\u0142ym, zielonym i czerwonym. Ta wyj\u0105tkowa mieszanka \u0142\u0105czy w sobie r\u00f3\u017cne stopnie intensywno\u015bci i aromatu, tworz\u0105c bogat\u0105 palet\u0119 smakow\u0105. Pieprz czarny, ceniony za swoj\u0105 uniwersalno\u015b\u0107 i g\u0142\u0119bi\u0119 smaku, harmonijnie komponuje si\u0119 z delikatniejszym bia\u0142ym, orze\u017awiaj\u0105cym zielonym i s\u0142odkawym czerwonym pieprzem. Ta kolorowa kompozycja nie tylko zachwyca swoj\u0105 r\u00f3\u017cnorodno\u015bci\u0105, ale tak\u017ce otwiera przed Tob\u0105 niemal nieograniczone mo\u017cliwo\u015bci kulinarne. Dodaj j\u0105 do mi\u0119s, ryb, sos\u00f3w, sa\u0142atek czy nawet deser\u00f3w, aby nada\u0107 ka\u017cdemu daniu niepowtarzalny charakter i wyj\u0105tkow\u0105 g\u0142\u0119bi\u0119 smaku!<\/p>\n","protected":false},"excerpt":{"rendered":"<p>Pieprz czarny jest zdecydowanie jednym z ulubionych i cenionych przypraw na ca\u0142ym \u015bwiecie. Jednak nie mo\u017cemy zapomina\u0107 o jego kolorowej odmianie, kt\u00f3ra zdobywa coraz wi\u0119ksz\u0105 popularno\u015b\u0107. Wsp\u00f3lnie wyr\u00f3\u017cniamy cztery rodzaje pieprzu &#8211; czarny, bia\u0142y, zielony i czerwony. Kombinacja tych czterech odmian tworzy niezwykle ciekaw\u0105 palet\u0119 aromatycznych dozna\u0144 o r\u00f3\u017cnym stopniu intensywno\u015bci. Pieprz kolorowy stanowi prawdziw\u0105 inspiracj\u0119 dla kucharzy i ma praktycznie nieograniczone zastosowanie w kuchni. Poznaj t\u0119 fascynuj\u0105c\u0105 mieszank\u0119 smak\u00f3w i aromat\u00f3w!<\/p>\n","protected":false},"featured_media":3917,"template":"","meta":[],"product_brand":[],"product_cat":[83],"product_tag":[260,261,262,263,264,265,266,256,267,268,269,270],"class_list":{"0":"post-2543","1":"product","2":"type-product","3":"status-publish","4":"has-post-thumbnail","6":"product_cat-przyprawy","7":"product_tag-bogactwo-smakowe","8":"product_tag-intensywnosc-smaku","9":"product_tag-kolorowa-mieszanka-pieprzu","10":"product_tag-kulinarna-roznorodnosc","11":"product_tag-pieprz-bialy","12":"product_tag-pieprz-czarny","13":"product_tag-pieprz-czerwony","14":"product_tag-pieprz-zielony","15":"product_tag-roznorodnosc-aromatow","16":"product_tag-smakowe-eksperymenty","17":"product_tag-uniwersalna-przyprawa","18":"product_tag-wyrafinowane-polaczenie","20":"first","21":"instock","22":"taxable","23":"shipping-taxable","24":"purchasable","25":"product-type-variable","26":"has-default-attributes"},"etheme_brands":{"errors":{"invalid_taxonomy":["Nieprawid\u0142owa taksonomia."]},"error_data":[]},"yoast_head":"<!-- This site is optimized with the Yoast SEO plugin v27.6 - https:\/\/yoast.com\/product\/yoast-seo-wordpress\/ -->\n<title>Pieprz Kolorowy - Warzywniak z dostaw\u0105<\/title>\n<meta name=\"robots\" content=\"index, follow, max-snippet:-1, max-image-preview:large, max-video-preview:-1\" \/>\n<link rel=\"canonical\" href=\"https:\/\/warzywniakzdostawa.pl\/index.php\/product\/pieprz-kolorowy\/\" \/>\n<meta property=\"og:locale\" content=\"pl_PL\" \/>\n<meta property=\"og:type\" content=\"article\" \/>\n<meta property=\"og:title\" content=\"Pieprz Kolorowy - Warzywniak z dostaw\u0105\" \/>\n<meta property=\"og:description\" content=\"Pieprz czarny jest zdecydowanie jednym z ulubionych i cenionych przypraw na ca\u0142ym \u015bwiecie. Jednak nie mo\u017cemy zapomina\u0107 o jego kolorowej odmianie, kt\u00f3ra zdobywa coraz wi\u0119ksz\u0105 popularno\u015b\u0107. Wsp\u00f3lnie wyr\u00f3\u017cniamy cztery rodzaje pieprzu - czarny, bia\u0142y, zielony i czerwony. Kombinacja tych czterech odmian tworzy niezwykle ciekaw\u0105 palet\u0119 aromatycznych dozna\u0144 o r\u00f3\u017cnym stopniu intensywno\u015bci. Pieprz kolorowy stanowi prawdziw\u0105 inspiracj\u0119 dla kucharzy i ma praktycznie nieograniczone zastosowanie w kuchni. Poznaj t\u0119 fascynuj\u0105c\u0105 mieszank\u0119 smak\u00f3w i aromat\u00f3w!\" \/>\n<meta property=\"og:url\" content=\"https:\/\/warzywniakzdostawa.pl\/index.php\/product\/pieprz-kolorowy\/\" \/>\n<meta property=\"og:site_name\" content=\"Warzywniak z dostaw\u0105\" \/>\n<meta property=\"article:modified_time\" content=\"2024-01-29T11:47:27+00:00\" \/>\n<meta property=\"og:image\" content=\"https:\/\/warzywniakzdostawa.pl\/wp-content\/uploads\/2024\/01\/pieprz-kolorowy-1.png\" \/>\n\t<meta property=\"og:image:width\" content=\"500\" \/>\n\t<meta property=\"og:image:height\" content=\"496\" \/>\n\t<meta property=\"og:image:type\" content=\"image\/png\" \/>\n<meta name=\"twitter:card\" content=\"summary_large_image\" \/>\n<meta name=\"twitter:label1\" content=\"Szacowany czas czytania\" \/>\n\t<meta name=\"twitter:data1\" content=\"1 minuta\" \/>\n<script type=\"application\/ld+json\" class=\"yoast-schema-graph\">{\"@context\":\"https:\\\/\\\/schema.org\",\"@graph\":[{\"@type\":\"WebPage\",\"@id\":\"https:\\\/\\\/warzywniakzdostawa.pl\\\/index.php\\\/product\\\/pieprz-kolorowy\\\/\",\"url\":\"https:\\\/\\\/warzywniakzdostawa.pl\\\/index.php\\\/product\\\/pieprz-kolorowy\\\/\",\"name\":\"Pieprz Kolorowy - Warzywniak z dostaw\u0105\",\"isPartOf\":{\"@id\":\"https:\\\/\\\/warzywniakzdostawa.pl\\\/#website\"},\"primaryImageOfPage\":{\"@id\":\"https:\\\/\\\/warzywniakzdostawa.pl\\\/index.php\\\/product\\\/pieprz-kolorowy\\\/#primaryimage\"},\"image\":{\"@id\":\"https:\\\/\\\/warzywniakzdostawa.pl\\\/index.php\\\/product\\\/pieprz-kolorowy\\\/#primaryimage\"},\"thumbnailUrl\":\"https:\\\/\\\/warzywniakzdostawa.pl\\\/wp-content\\\/uploads\\\/2024\\\/01\\\/pieprz-kolorowy-1.png\",\"datePublished\":\"2024-01-18T17:08:00+00:00\",\"dateModified\":\"2024-01-29T11:47:27+00:00\",\"breadcrumb\":{\"@id\":\"https:\\\/\\\/warzywniakzdostawa.pl\\\/index.php\\\/product\\\/pieprz-kolorowy\\\/#breadcrumb\"},\"inLanguage\":\"pl-PL\",\"potentialAction\":[{\"@type\":\"ReadAction\",\"target\":[\"https:\\\/\\\/warzywniakzdostawa.pl\\\/index.php\\\/product\\\/pieprz-kolorowy\\\/\"]}]},{\"@type\":\"ImageObject\",\"inLanguage\":\"pl-PL\",\"@id\":\"https:\\\/\\\/warzywniakzdostawa.pl\\\/index.php\\\/product\\\/pieprz-kolorowy\\\/#primaryimage\",\"url\":\"https:\\\/\\\/warzywniakzdostawa.pl\\\/wp-content\\\/uploads\\\/2024\\\/01\\\/pieprz-kolorowy-1.png\",\"contentUrl\":\"https:\\\/\\\/warzywniakzdostawa.pl\\\/wp-content\\\/uploads\\\/2024\\\/01\\\/pieprz-kolorowy-1.png\",\"width\":500,\"height\":496},{\"@type\":\"BreadcrumbList\",\"@id\":\"https:\\\/\\\/warzywniakzdostawa.pl\\\/index.php\\\/product\\\/pieprz-kolorowy\\\/#breadcrumb\",\"itemListElement\":[{\"@type\":\"ListItem\",\"position\":1,\"name\":\"Strona g\u0142\u00f3wna\",\"item\":\"https:\\\/\\\/warzywniakzdostawa.pl\\\/\"},{\"@type\":\"ListItem\",\"position\":2,\"name\":\"Sklep\",\"item\":\"https:\\\/\\\/warzywniakzdostawa.pl\\\/index.php\\\/sklep\\\/\"},{\"@type\":\"ListItem\",\"position\":3,\"name\":\"Pieprz Kolorowy\"}]},{\"@type\":\"WebSite\",\"@id\":\"https:\\\/\\\/warzywniakzdostawa.pl\\\/#website\",\"url\":\"https:\\\/\\\/warzywniakzdostawa.pl\\\/\",\"name\":\"Warzywniak z dostaw\u0105\",\"description\":\"\",\"potentialAction\":[{\"@type\":\"SearchAction\",\"target\":{\"@type\":\"EntryPoint\",\"urlTemplate\":\"https:\\\/\\\/warzywniakzdostawa.pl\\\/?s={search_term_string}\"},\"query-input\":{\"@type\":\"PropertyValueSpecification\",\"valueRequired\":true,\"valueName\":\"search_term_string\"}}],\"inLanguage\":\"pl-PL\"}]}<\/script>\n<!-- \/ Yoast SEO plugin. -->","yoast_head_json":{"title":"Pieprz Kolorowy - Warzywniak z dostaw\u0105","robots":{"index":"index","follow":"follow","max-snippet":"max-snippet:-1","max-image-preview":"max-image-preview:large","max-video-preview":"max-video-preview:-1"},"canonical":"https:\/\/warzywniakzdostawa.pl\/index.php\/product\/pieprz-kolorowy\/","og_locale":"pl_PL","og_type":"article","og_title":"Pieprz Kolorowy - Warzywniak z dostaw\u0105","og_description":"Pieprz czarny jest zdecydowanie jednym z ulubionych i cenionych przypraw na ca\u0142ym \u015bwiecie. Jednak nie mo\u017cemy zapomina\u0107 o jego kolorowej odmianie, kt\u00f3ra zdobywa coraz wi\u0119ksz\u0105 popularno\u015b\u0107. Wsp\u00f3lnie wyr\u00f3\u017cniamy cztery rodzaje pieprzu - czarny, bia\u0142y, zielony i czerwony. Kombinacja tych czterech odmian tworzy niezwykle ciekaw\u0105 palet\u0119 aromatycznych dozna\u0144 o r\u00f3\u017cnym stopniu intensywno\u015bci. Pieprz kolorowy stanowi prawdziw\u0105 inspiracj\u0119 dla kucharzy i ma praktycznie nieograniczone zastosowanie w kuchni. Poznaj t\u0119 fascynuj\u0105c\u0105 mieszank\u0119 smak\u00f3w i aromat\u00f3w!","og_url":"https:\/\/warzywniakzdostawa.pl\/index.php\/product\/pieprz-kolorowy\/","og_site_name":"Warzywniak z dostaw\u0105","article_modified_time":"2024-01-29T11:47:27+00:00","og_image":[{"width":500,"height":496,"url":"https:\/\/warzywniakzdostawa.pl\/wp-content\/uploads\/2024\/01\/pieprz-kolorowy-1.png","type":"image\/png"}],"twitter_card":"summary_large_image","twitter_misc":{"Szacowany czas czytania":"1 minuta"},"schema":{"@context":"https:\/\/schema.org","@graph":[{"@type":"WebPage","@id":"https:\/\/warzywniakzdostawa.pl\/index.php\/product\/pieprz-kolorowy\/","url":"https:\/\/warzywniakzdostawa.pl\/index.php\/product\/pieprz-kolorowy\/","name":"Pieprz Kolorowy - Warzywniak z dostaw\u0105","isPartOf":{"@id":"https:\/\/warzywniakzdostawa.pl\/#website"},"primaryImageOfPage":{"@id":"https:\/\/warzywniakzdostawa.pl\/index.php\/product\/pieprz-kolorowy\/#primaryimage"},"image":{"@id":"https:\/\/warzywniakzdostawa.pl\/index.php\/product\/pieprz-kolorowy\/#primaryimage"},"thumbnailUrl":"https:\/\/warzywniakzdostawa.pl\/wp-content\/uploads\/2024\/01\/pieprz-kolorowy-1.png","datePublished":"2024-01-18T17:08:00+00:00","dateModified":"2024-01-29T11:47:27+00:00","breadcrumb":{"@id":"https:\/\/warzywniakzdostawa.pl\/index.php\/product\/pieprz-kolorowy\/#breadcrumb"},"inLanguage":"pl-PL","potentialAction":[{"@type":"ReadAction","target":["https:\/\/warzywniakzdostawa.pl\/index.php\/product\/pieprz-kolorowy\/"]}]},{"@type":"ImageObject","inLanguage":"pl-PL","@id":"https:\/\/warzywniakzdostawa.pl\/index.php\/product\/pieprz-kolorowy\/#primaryimage","url":"https:\/\/warzywniakzdostawa.pl\/wp-content\/uploads\/2024\/01\/pieprz-kolorowy-1.png","contentUrl":"https:\/\/warzywniakzdostawa.pl\/wp-content\/uploads\/2024\/01\/pieprz-kolorowy-1.png","width":500,"height":496},{"@type":"BreadcrumbList","@id":"https:\/\/warzywniakzdostawa.pl\/index.php\/product\/pieprz-kolorowy\/#breadcrumb","itemListElement":[{"@type":"ListItem","position":1,"name":"Strona g\u0142\u00f3wna","item":"https:\/\/warzywniakzdostawa.pl\/"},{"@type":"ListItem","position":2,"name":"Sklep","item":"https:\/\/warzywniakzdostawa.pl\/index.php\/sklep\/"},{"@type":"ListItem","position":3,"name":"Pieprz Kolorowy"}]},{"@type":"WebSite","@id":"https:\/\/warzywniakzdostawa.pl\/#website","url":"https:\/\/warzywniakzdostawa.pl\/","name":"Warzywniak z dostaw\u0105","description":"","potentialAction":[{"@type":"SearchAction","target":{"@type":"EntryPoint","urlTemplate":"https:\/\/warzywniakzdostawa.pl\/?s={search_term_string}"},"query-input":{"@type":"PropertyValueSpecification","valueRequired":true,"valueName":"search_term_string"}}],"inLanguage":"pl-PL"}]}},"_links":{"self":[{"href":"https:\/\/warzywniakzdostawa.pl\/index.php\/wp-json\/wp\/v2\/product\/2543","targetHints":{"allow":["GET"]}}],"collection":[{"href":"https:\/\/warzywniakzdostawa.pl\/index.php\/wp-json\/wp\/v2\/product"}],"about":[{"href":"https:\/\/warzywniakzdostawa.pl\/index.php\/wp-json\/wp\/v2\/types\/product"}],"version-history":[{"count":0,"href":"https:\/\/warzywniakzdostawa.pl\/index.php\/wp-json\/wp\/v2\/product\/2543\/revisions"}],"wp:featuredmedia":[{"embeddable":true,"href":"https:\/\/warzywniakzdostawa.pl\/index.php\/wp-json\/wp\/v2\/media\/3917"}],"wp:attachment":[{"href":"https:\/\/warzywniakzdostawa.pl\/index.php\/wp-json\/wp\/v2\/media?parent=2543"}],"wp:term":[{"taxonomy":"product_brand","embeddable":true,"href":"https:\/\/warzywniakzdostawa.pl\/index.php\/wp-json\/wp\/v2\/product_brand?post=2543"},{"taxonomy":"product_cat","embeddable":true,"href":"https:\/\/warzywniakzdostawa.pl\/index.php\/wp-json\/wp\/v2\/product_cat?post=2543"},{"taxonomy":"product_tag","embeddable":true,"href":"https:\/\/warzywniakzdostawa.pl\/index.php\/wp-json\/wp\/v2\/product_tag?post=2543"}],"curies":[{"name":"wp","href":"https:\/\/api.w.org\/{rel}","templated":true}]}}